{"id":3,"date":"2025-08-29T11:51:57","date_gmt":"2025-08-29T11:51:57","guid":{"rendered":"https:\/\/surfarischilepro.com\/?page_id=3"},"modified":"2025-10-03T14:09:10","modified_gmt":"2025-10-03T14:09:10","slug":"politica-de-privacidad","status":"publish","type":"page","link":"https:\/\/surfarischilepro.com\/en\/politica-de-privacidad\/","title":{"rendered":"Privacy Policy"},"content":{"rendered":"<div data-elementor-type=\"wp-page\" data-elementor-id=\"3\" class=\"elementor elementor-3\" data-elementor-post-type=\"page\">\n\t\t\t\t<div class=\"elementor-element elementor-element-a2488ea e-flex e-con-boxed e-con e-parent\" data-id=\"a2488ea\" data-element_type=\"container\" data-settings=\"{&quot;background_background&quot;:&quot;classic&quot;,&quot;ekit_has_onepagescroll_dot&quot;:&quot;yes&quot;}\">\n\t\t\t\t\t<div class=\"e-con-inner\">\n\t\t\t\t<div class=\"elementor-element elementor-element-05e5dbe elementor-invisible elementor-widget elementor-widget-heading\" data-id=\"05e5dbe\" data-element_type=\"widget\" data-settings=\"{&quot;_animation&quot;:&quot;fadeIn&quot;,&quot;ekit_we_effect_on&quot;:&quot;none&quot;}\" data-widget_type=\"heading.default\">\n\t\t\t\t\t<h1 class=\"elementor-heading-title elementor-size-default\">Privacy Policy<\/h1>\t\t\t\t<\/div>\n\t\t\t\t\t<\/div>\n\t\t\t\t<\/div>\n\t\t<div class=\"elementor-element elementor-element-840aaff e-flex e-con-boxed e-con e-parent\" data-id=\"840aaff\" data-element_type=\"container\" data-settings=\"{&quot;ekit_has_onepagescroll_dot&quot;:&quot;yes&quot;}\">\n\t\t\t\t\t<div class=\"e-con-inner\">\n\t\t\t\t<div class=\"elementor-element elementor-element-fc2e02d elementor-invisible elementor-widget elementor-widget-heading\" data-id=\"fc2e02d\" data-element_type=\"widget\" data-settings=\"{&quot;_animation&quot;:&quot;fadeIn&quot;,&quot;ekit_we_effect_on&quot;:&quot;none&quot;}\" data-widget_type=\"heading.default\">\n\t\t\t\t\t<h1 class=\"elementor-heading-title elementor-size-default\">Surfaris Chile Pro,<\/h1>\t\t\t\t<\/div>\n\t\t\t\t<div class=\"elementor-element elementor-element-e243bb3 elementor-invisible elementor-widget elementor-widget-text-editor\" data-id=\"e243bb3\" data-element_type=\"widget\" data-settings=\"{&quot;_animation&quot;:&quot;fadeIn&quot;,&quot;ekit_we_effect_on&quot;:&quot;none&quot;}\" data-widget_type=\"text-editor.default\">\n\t\t\t\t\t\t\t\t\t<p>Last Updated: 09\/23\/2025<\/p>\t\t\t\t\t\t\t\t<\/div>\n\t\t\t\t<div class=\"elementor-element elementor-element-99cf270 elementor-invisible elementor-widget elementor-widget-text-editor\" data-id=\"99cf270\" data-element_type=\"widget\" data-settings=\"{&quot;_animation&quot;:&quot;fadeIn&quot;,&quot;ekit_we_effect_on&quot;:&quot;none&quot;}\" data-widget_type=\"text-editor.default\">\n\t\t\t\t\t\t\t\t\t<p>At Surfaris Chile Pro, we respect and protect the privacy of our clients. This policy explains how we collect, use, and safeguard personal information provided when booking our services.<\/p>\t\t\t\t\t\t\t\t<\/div>\n\t\t\t\t<div class=\"elementor-element elementor-element-7a6c480 elementor-widget elementor-widget-heading\" data-id=\"7a6c480\" data-element_type=\"widget\" data-settings=\"{&quot;ekit_we_effect_on&quot;:&quot;none&quot;}\" data-widget_type=\"heading.default\">\n\t\t\t\t\t<h2 class=\"elementor-heading-title elementor-size-default\">1. Data Collected<\/h2>\t\t\t\t<\/div>\n\t\t\t\t<div class=\"elementor-element elementor-element-6db15f1 elementor-invisible elementor-widget elementor-widget-text-editor\" data-id=\"6db15f1\" data-element_type=\"widget\" data-settings=\"{&quot;_animation&quot;:&quot;fadeIn&quot;,&quot;ekit_we_effect_on&quot;:&quot;none&quot;}\" data-widget_type=\"text-editor.default\">\n\t\t\t\t\t\t\t\t\t<ul><li>Contact information: name, email, phone number.<\/li><li>Payment information: processed securely through certified platforms (Surfaris Chile Pro does not store bank or credit card details).<\/li><li>Additional information voluntarily provided by the client (e.g., relevant medical conditions).<\/li><\/ul>\t\t\t\t\t\t\t\t<\/div>\n\t\t\t\t<div class=\"elementor-element elementor-element-d01c658 elementor-widget elementor-widget-heading\" data-id=\"d01c658\" data-element_type=\"widget\" data-settings=\"{&quot;ekit_we_effect_on&quot;:&quot;none&quot;}\" data-widget_type=\"heading.default\">\n\t\t\t\t\t<h2 class=\"elementor-heading-title elementor-size-default\">Use of Information<\/h2>\t\t\t\t<\/div>\n\t\t\t\t<div class=\"elementor-element elementor-element-a2ae0c3 elementor-invisible elementor-widget elementor-widget-text-editor\" data-id=\"a2ae0c3\" data-element_type=\"widget\" data-settings=\"{&quot;_animation&quot;:&quot;fadeIn&quot;,&quot;ekit_we_effect_on&quot;:&quot;none&quot;}\" data-widget_type=\"text-editor.default\">\n\t\t\t\t\t\t\t\t\t<ul><li>Manage reservations, payments, and communication with clients.<\/li><li>Improve our services and personalize the experience.<\/li><li>Comply with applicable legal or regulatory obligations in Chile.<\/li><\/ul>\t\t\t\t\t\t\t\t<\/div>\n\t\t\t\t<div class=\"elementor-element elementor-element-44e1f06 elementor-widget elementor-widget-heading\" data-id=\"44e1f06\" data-element_type=\"widget\" data-settings=\"{&quot;ekit_we_effect_on&quot;:&quot;none&quot;}\" data-widget_type=\"heading.default\">\n\t\t\t\t\t<h2 class=\"elementor-heading-title elementor-size-default\">Data Protection<\/h2>\t\t\t\t<\/div>\n\t\t\t\t<div class=\"elementor-element elementor-element-a8bba09 elementor-invisible elementor-widget elementor-widget-text-editor\" data-id=\"a8bba09\" data-element_type=\"widget\" data-settings=\"{&quot;_animation&quot;:&quot;fadeIn&quot;,&quot;ekit_we_effect_on&quot;:&quot;none&quot;}\" data-widget_type=\"text-editor.default\">\n\t\t\t\t\t\t\t\t\t<ul><li>Personal data is stored in secure and confidential environments.<\/li><li>Only authorized Surfaris Chile Pro team members have access to this information for operational purposes.<\/li><li>We do not share personal information with third parties, except local providers directly related to service delivery (e.g., lodging, transportation), and always under a confidentiality obligation.<\/li><\/ul>\t\t\t\t\t\t\t\t<\/div>\n\t\t\t\t<div class=\"elementor-element elementor-element-fa67202 elementor-widget elementor-widget-heading\" data-id=\"fa67202\" data-element_type=\"widget\" data-settings=\"{&quot;ekit_we_effect_on&quot;:&quot;none&quot;}\" data-widget_type=\"heading.default\">\n\t\t\t\t\t<h2 class=\"elementor-heading-title elementor-size-default\">4. Client Rights<\/h2>\t\t\t\t<\/div>\n\t\t\t\t<div class=\"elementor-element elementor-element-1a869c9 elementor-invisible elementor-widget elementor-widget-text-editor\" data-id=\"1a869c9\" data-element_type=\"widget\" data-settings=\"{&quot;_animation&quot;:&quot;fadeIn&quot;,&quot;ekit_we_effect_on&quot;:&quot;none&quot;}\" data-widget_type=\"text-editor.default\">\n\t\t\t\t\t\t\t\t\t<ul><li><p>According to Chilean Law N\u00b019.628 on the Protection of Private Life, clients may:<\/p><ul><li>Request access to their personal data.<\/li><li>Request correction, cancellation, or blocking of their information.<\/li><li>Withdraw consent for the use of their data at any time, except for data necessary to provide the contracted service.<\/li><\/ul><\/li><\/ul>\t\t\t\t\t\t\t\t<\/div>\n\t\t\t\t<div class=\"elementor-element elementor-element-c86b1e5 elementor-widget elementor-widget-heading\" data-id=\"c86b1e5\" data-element_type=\"widget\" data-settings=\"{&quot;ekit_we_effect_on&quot;:&quot;none&quot;}\" data-widget_type=\"heading.default\">\n\t\t\t\t\t<h2 class=\"elementor-heading-title elementor-size-default\">5. Contact<\/h2>\t\t\t\t<\/div>\n\t\t\t\t<div class=\"elementor-element elementor-element-a9b90ef elementor-invisible elementor-widget elementor-widget-text-editor\" data-id=\"a9b90ef\" data-element_type=\"widget\" data-settings=\"{&quot;_animation&quot;:&quot;fadeIn&quot;,&quot;ekit_we_effect_on&quot;:&quot;none&quot;}\" data-widget_type=\"text-editor.default\">\n\t\t\t\t\t\t\t\t\t<ul><li><p>To exercise your privacy rights or for any inquiries regarding this policy, please contact: <span style=\"color: #b58e47;\"><a style=\"color: #b58e47;\" href=\"mailto:surfarischilepro@gmail.com\"><strong>surfarischilepro@gmail.com<\/strong><\/a><\/span><\/p><\/li><\/ul>\t\t\t\t\t\t\t\t<\/div>\n\t\t\t\t\t<\/div>\n\t\t\t\t<\/div>\n\t\t\t\t<\/div>","protected":false},"excerpt":{"rendered":"<p>Pol\u00edtica de Privacidad Surfaris Chile Pro \u00daltima actualizaci\u00f3n: 23 \/09 \/2025 En\u00a0Surfaris Chile Pro\u00a0respetamos y protegemos la privacidad de nuestros [&hellip;]<\/p>","protected":false},"author":1,"featured_media":0,"parent":0,"menu_order":0,"comment_status":"closed","ping_status":"open","template":"","meta":{"site-sidebar-layout":"no-sidebar","site-content-layout":"","ast-site-content-layout":"full-width-container","site-content-style":"default","site-sidebar-style":"default","ast-global-header-display":"","ast-banner-title-visibility":"","ast-main-header-display":"","ast-hfb-above-header-display":"","ast-hfb-below-header-display":"","ast-hfb-mobile-header-display":"","site-post-title":"disabled","ast-breadcrumbs-content":"","ast-featured-img":"disabled","footer-sml-layout":"","theme-transparent-header-meta":"","adv-header-id-meta":"","stick-header-meta":"","header-above-stick-meta":"","header-main-stick-meta":"","header-below-stick-meta":"","astra-migrate-meta-layouts":"default","ast-page-background-enabled":"default","ast-page-background-meta":{"desktop":{"background-color":"var(--ast-global-color-5)","background-image":"","background-repeat":"repeat","background-position":"center center","background-size":"auto","background-attachment":"scroll","background-type":"","background-media":"","overlay-type":"","overlay-color":"","overlay-opacity":"","overlay-gradient":""},"tablet":{"background-color":"","background-image":"","background-repeat":"repeat","background-position":"center center","background-size":"auto","background-attachment":"scroll","background-type":"","background-media":"","overlay-type":"","overlay-color":"","overlay-opacity":"","overlay-gradient":""},"mobile":{"background-color":"","background-image":"","background-repeat":"repeat","background-position":"center center","background-size":"auto","background-attachment":"scroll","background-type":"","background-media":"","overlay-type":"","overlay-color":"","overlay-opacity":"","overlay-gradient":""}},"ast-content-background-meta":{"desktop":{"background-color":"var(--ast-global-color-4)","background-image":"","background-repeat":"repeat","background-position":"center center","background-size":"auto","background-attachment":"scroll","background-type":"","background-media":"","overlay-type":"","overlay-color":"","overlay-opacity":"","overlay-gradient":""},"tablet":{"background-color":"var(--ast-global-color-4)","background-image":"","background-repeat":"repeat","background-position":"center center","background-size":"auto","background-attachment":"scroll","background-type":"","background-media":"","overlay-type":"","overlay-color":"","overlay-opacity":"","overlay-gradient":""},"mobile":{"background-color":"var(--ast-global-color-4)","background-image":"","background-repeat":"repeat","background-position":"center center","background-size":"auto","background-attachment":"scroll","background-type":"","background-media":"","overlay-type":"","overlay-color":"","overlay-opacity":"","overlay-gradient":""}},"_joinchat":[],"footnotes":""},"class_list":["post-3","page","type-page","status-publish","hentry"],"yoast_head":"<!-- This site is optimized with the Yoast SEO Premium plugin v26.0 (Yoast SEO v26.0) - https:\/\/yoast.com\/wordpress\/plugins\/seo\/ -->\n<title>Pol\u00edtica de Privacidad - SURFARIS CHILE PRO<\/title>\n<meta name=\"robots\" content=\"index, follow, max-snippet:-1, max-image-preview:large, max-video-preview:-1\" \/>\n<link rel=\"canonical\" href=\"https:\/\/surfarischilepro.com\/en\/politica-de-privacidad\/\" \/>\n<meta property=\"og:locale\" content=\"en_US\" \/>\n<meta property=\"og:type\" content=\"article\" \/>\n<meta property=\"og:title\" content=\"Pol\u00edtica de Privacidad\" \/>\n<meta property=\"og:description\" content=\"Pol\u00edtica de Privacidad Surfaris Chile Pro \u00daltima actualizaci\u00f3n: 23 \/09 \/2025 En\u00a0Surfaris Chile Pro\u00a0respetamos y protegemos la privacidad de nuestros [&hellip;]\" \/>\n<meta property=\"og:url\" content=\"https:\/\/surfarischilepro.com\/en\/politica-de-privacidad\/\" \/>\n<meta property=\"og:site_name\" content=\"SURFARIS CHILE PRO\" \/>\n<meta property=\"article:modified_time\" content=\"2025-10-03T14:09:10+00:00\" \/>\n<meta name=\"twitter:card\" content=\"summary_large_image\" \/>\n<meta name=\"twitter:label1\" content=\"Est. reading time\" \/>\n\t<meta name=\"twitter:data1\" content=\"2 minutes\" \/>\n<script type=\"application\/ld+json\" class=\"yoast-schema-graph\">{\"@context\":\"https:\/\/schema.org\",\"@graph\":[{\"@type\":\"WebPage\",\"@id\":\"https:\/\/surfarischilepro.com\/politica-de-privacidad\/\",\"url\":\"https:\/\/surfarischilepro.com\/politica-de-privacidad\/\",\"name\":\"Pol\u00edtica de Privacidad - SURFARIS CHILE PRO\",\"isPartOf\":{\"@id\":\"https:\/\/surfarischilepro.com\/#website\"},\"datePublished\":\"2025-08-29T11:51:57+00:00\",\"dateModified\":\"2025-10-03T14:09:10+00:00\",\"breadcrumb\":{\"@id\":\"https:\/\/surfarischilepro.com\/politica-de-privacidad\/#breadcrumb\"},\"inLanguage\":\"en-US\",\"potentialAction\":[{\"@type\":\"ReadAction\",\"target\":[\"https:\/\/surfarischilepro.com\/politica-de-privacidad\/\"]}]},{\"@type\":\"BreadcrumbList\",\"@id\":\"https:\/\/surfarischilepro.com\/politica-de-privacidad\/#breadcrumb\",\"itemListElement\":[{\"@type\":\"ListItem\",\"position\":1,\"name\":\"Portada\",\"item\":\"https:\/\/surfarischilepro.com\/\"},{\"@type\":\"ListItem\",\"position\":2,\"name\":\"Pol\u00edtica de Privacidad\"}]},{\"@type\":\"WebSite\",\"@id\":\"https:\/\/surfarischilepro.com\/#website\",\"url\":\"https:\/\/surfarischilepro.com\/\",\"name\":\"SURFARIS CHILE PRO\",\"description\":\"TOURS DE SURF EN CHILE\",\"publisher\":{\"@id\":\"https:\/\/surfarischilepro.com\/#organization\"},\"potentialAction\":[{\"@type\":\"SearchAction\",\"target\":{\"@type\":\"EntryPoint\",\"urlTemplate\":\"https:\/\/surfarischilepro.com\/?s={search_term_string}\"},\"query-input\":{\"@type\":\"PropertyValueSpecification\",\"valueRequired\":true,\"valueName\":\"search_term_string\"}}],\"inLanguage\":\"en-US\"},{\"@type\":\"Organization\",\"@id\":\"https:\/\/surfarischilepro.com\/#organization\",\"name\":\"SURFARIS CHILE PRO\",\"url\":\"https:\/\/surfarischilepro.com\/\",\"logo\":{\"@type\":\"ImageObject\",\"inLanguage\":\"en-US\",\"@id\":\"https:\/\/surfarischilepro.com\/#\/schema\/logo\/image\/\",\"url\":\"https:\/\/surfarischilepro.com\/wp-content\/uploads\/2025\/09\/surfaris_logo.webp\",\"contentUrl\":\"https:\/\/surfarischilepro.com\/wp-content\/uploads\/2025\/09\/surfaris_logo.webp\",\"width\":1024,\"height\":721,\"caption\":\"SURFARIS CHILE PRO\"},\"image\":{\"@id\":\"https:\/\/surfarischilepro.com\/#\/schema\/logo\/image\/\"}}]}<\/script>\n<!-- \/ Yoast SEO Premium plugin. -->","yoast_head_json":{"title":"Pol\u00edtica de Privacidad - SURFARIS CHILE PRO","robots":{"index":"index","follow":"follow","max-snippet":"max-snippet:-1","max-image-preview":"max-image-preview:large","max-video-preview":"max-video-preview:-1"},"canonical":"https:\/\/surfarischilepro.com\/en\/politica-de-privacidad\/","og_locale":"en_US","og_type":"article","og_title":"Pol\u00edtica de Privacidad","og_description":"Pol\u00edtica de Privacidad Surfaris Chile Pro \u00daltima actualizaci\u00f3n: 23 \/09 \/2025 En\u00a0Surfaris Chile Pro\u00a0respetamos y protegemos la privacidad de nuestros [&hellip;]","og_url":"https:\/\/surfarischilepro.com\/en\/politica-de-privacidad\/","og_site_name":"SURFARIS CHILE PRO","article_modified_time":"2025-10-03T14:09:10+00:00","twitter_card":"summary_large_image","twitter_misc":{"Est. reading time":"2 minutes"},"schema":{"@context":"https:\/\/schema.org","@graph":[{"@type":"WebPage","@id":"https:\/\/surfarischilepro.com\/politica-de-privacidad\/","url":"https:\/\/surfarischilepro.com\/politica-de-privacidad\/","name":"Pol\u00edtica de Privacidad - SURFARIS CHILE PRO","isPartOf":{"@id":"https:\/\/surfarischilepro.com\/#website"},"datePublished":"2025-08-29T11:51:57+00:00","dateModified":"2025-10-03T14:09:10+00:00","breadcrumb":{"@id":"https:\/\/surfarischilepro.com\/politica-de-privacidad\/#breadcrumb"},"inLanguage":"en-US","potentialAction":[{"@type":"ReadAction","target":["https:\/\/surfarischilepro.com\/politica-de-privacidad\/"]}]},{"@type":"BreadcrumbList","@id":"https:\/\/surfarischilepro.com\/politica-de-privacidad\/#breadcrumb","itemListElement":[{"@type":"ListItem","position":1,"name":"Portada","item":"https:\/\/surfarischilepro.com\/"},{"@type":"ListItem","position":2,"name":"Pol\u00edtica de Privacidad"}]},{"@type":"WebSite","@id":"https:\/\/surfarischilepro.com\/#website","url":"https:\/\/surfarischilepro.com\/","name":"SURFARIS CHILE PRO","description":"TOURS DE SURF EN CHILE","publisher":{"@id":"https:\/\/surfarischilepro.com\/#organization"},"potentialAction":[{"@type":"SearchAction","target":{"@type":"EntryPoint","urlTemplate":"https:\/\/surfarischilepro.com\/?s={search_term_string}"},"query-input":{"@type":"PropertyValueSpecification","valueRequired":true,"valueName":"search_term_string"}}],"inLanguage":"en-US"},{"@type":"Organization","@id":"https:\/\/surfarischilepro.com\/#organization","name":"SURFARIS CHILE PRO","url":"https:\/\/surfarischilepro.com\/","logo":{"@type":"ImageObject","inLanguage":"en-US","@id":"https:\/\/surfarischilepro.com\/#\/schema\/logo\/image\/","url":"https:\/\/surfarischilepro.com\/wp-content\/uploads\/2025\/09\/surfaris_logo.webp","contentUrl":"https:\/\/surfarischilepro.com\/wp-content\/uploads\/2025\/09\/surfaris_logo.webp","width":1024,"height":721,"caption":"SURFARIS CHILE PRO"},"image":{"@id":"https:\/\/surfarischilepro.com\/#\/schema\/logo\/image\/"}}]}},"_links":{"self":[{"href":"https:\/\/surfarischilepro.com\/en\/wp-json\/wp\/v2\/pages\/3","targetHints":{"allow":["GET"]}}],"collection":[{"href":"https:\/\/surfarischilepro.com\/en\/wp-json\/wp\/v2\/pages"}],"about":[{"href":"https:\/\/surfarischilepro.com\/en\/wp-json\/wp\/v2\/types\/page"}],"author":[{"embeddable":true,"href":"https:\/\/surfarischilepro.com\/en\/wp-json\/wp\/v2\/users\/1"}],"replies":[{"embeddable":true,"href":"https:\/\/surfarischilepro.com\/en\/wp-json\/wp\/v2\/comments?post=3"}],"version-history":[{"count":7,"href":"https:\/\/surfarischilepro.com\/en\/wp-json\/wp\/v2\/pages\/3\/revisions"}],"predecessor-version":[{"id":1349,"href":"https:\/\/surfarischilepro.com\/en\/wp-json\/wp\/v2\/pages\/3\/revisions\/1349"}],"wp:attachment":[{"href":"https:\/\/surfarischilepro.com\/en\/wp-json\/wp\/v2\/media?parent=3"}],"curies":[{"name":"wp","href":"https:\/\/api.w.org\/{rel}","templated":true}]}}