{"id":14,"date":"2025-09-23T18:20:31","date_gmt":"2025-09-23T18:20:31","guid":{"rendered":"https:\/\/surfarischilepro.com\/?page_id=14"},"modified":"2025-10-03T14:07:35","modified_gmt":"2025-10-03T14:07:35","slug":"terminos-y-condiciones","status":"publish","type":"page","link":"https:\/\/surfarischilepro.com\/en\/terminos-y-condiciones\/","title":{"rendered":"Terms and Conditions"},"content":{"rendered":"<div data-elementor-type=\"wp-page\" data-elementor-id=\"14\" class=\"elementor elementor-14\" data-elementor-post-type=\"page\">\n\t\t\t\t<div class=\"elementor-element elementor-element-2ae9b2e e-flex e-con-boxed e-con e-parent\" data-id=\"2ae9b2e\" data-element_type=\"container\" data-settings=\"{&quot;background_background&quot;:&quot;classic&quot;,&quot;ekit_has_onepagescroll_dot&quot;:&quot;yes&quot;}\">\n\t\t\t\t\t<div class=\"e-con-inner\">\n\t\t\t\t<div class=\"elementor-element elementor-element-4c8c2c2 elementor-invisible elementor-widget elementor-widget-heading\" data-id=\"4c8c2c2\" data-element_type=\"widget\" data-settings=\"{&quot;_animation&quot;:&quot;fadeIn&quot;,&quot;ekit_we_effect_on&quot;:&quot;none&quot;}\" data-widget_type=\"heading.default\">\n\t\t\t\t\t<h1 class=\"elementor-heading-title elementor-size-default\">Terms and Conditions<\/h1>\t\t\t\t<\/div>\n\t\t\t\t\t<\/div>\n\t\t\t\t<\/div>\n\t\t<div class=\"elementor-element elementor-element-6165c5f e-flex e-con-boxed e-con e-parent\" data-id=\"6165c5f\" data-element_type=\"container\" data-settings=\"{&quot;ekit_has_onepagescroll_dot&quot;:&quot;yes&quot;}\">\n\t\t\t\t\t<div class=\"e-con-inner\">\n\t\t\t\t<div class=\"elementor-element elementor-element-78b02e1 elementor-invisible elementor-widget elementor-widget-heading\" data-id=\"78b02e1\" data-element_type=\"widget\" data-settings=\"{&quot;_animation&quot;:&quot;fadeIn&quot;,&quot;ekit_we_effect_on&quot;:&quot;none&quot;}\" data-widget_type=\"heading.default\">\n\t\t\t\t\t<h1 class=\"elementor-heading-title elementor-size-default\">Surfaris Chile Pro,<\/h1>\t\t\t\t<\/div>\n\t\t\t\t<div class=\"elementor-element elementor-element-7fe6663 elementor-invisible elementor-widget elementor-widget-text-editor\" data-id=\"7fe6663\" data-element_type=\"widget\" data-settings=\"{&quot;_animation&quot;:&quot;fadeIn&quot;,&quot;ekit_we_effect_on&quot;:&quot;none&quot;}\" data-widget_type=\"text-editor.default\">\n\t\t\t\t\t\t\t\t\t<p>Last Updated: 09\/23\/2025<\/p>\t\t\t\t\t\t\t\t<\/div>\n\t\t\t\t<div class=\"elementor-element elementor-element-9dda4f9 elementor-invisible elementor-widget elementor-widget-text-editor\" data-id=\"9dda4f9\" data-element_type=\"widget\" data-settings=\"{&quot;_animation&quot;:&quot;fadeIn&quot;,&quot;ekit_we_effect_on&quot;:&quot;none&quot;}\" data-widget_type=\"text-editor.default\">\n\t\t\t\t\t\t\t\t\t<p>These Terms and Conditions govern the contracting of tourism services offered by Surfaris Chile Pro. By booking and paying, the client fully accepts the provisions outlined herein.<\/p>\t\t\t\t\t\t\t\t<\/div>\n\t\t\t\t<div class=\"elementor-element elementor-element-ec17088 elementor-widget elementor-widget-heading\" data-id=\"ec17088\" data-element_type=\"widget\" data-settings=\"{&quot;ekit_we_effect_on&quot;:&quot;none&quot;}\" data-widget_type=\"heading.default\">\n\t\t\t\t\t<h2 class=\"elementor-heading-title elementor-size-default\">1. Reservations and Payments<\/h2>\t\t\t\t<\/div>\n\t\t\t\t<div class=\"elementor-element elementor-element-3fe6e36 elementor-invisible elementor-widget elementor-widget-text-editor\" data-id=\"3fe6e36\" data-element_type=\"widget\" data-settings=\"{&quot;_animation&quot;:&quot;fadeIn&quot;,&quot;ekit_we_effect_on&quot;:&quot;none&quot;}\" data-widget_type=\"text-editor.default\">\n\t\t\t\t\t\t\t\t\t<ul><li>All reservations are confirmed only upon full payment (100% of the tour price) through the payment methods available on our website or official channels.<\/li><li>Groups are exclusive and small (maximum 3 surfers), so each spot is limited and unique.<\/li><\/ul>\t\t\t\t\t\t\t\t<\/div>\n\t\t\t\t<div class=\"elementor-element elementor-element-9c53465 elementor-widget elementor-widget-heading\" data-id=\"9c53465\" data-element_type=\"widget\" data-settings=\"{&quot;ekit_we_effect_on&quot;:&quot;none&quot;}\" data-widget_type=\"heading.default\">\n\t\t\t\t\t<h2 class=\"elementor-heading-title elementor-size-default\">2. Cancellations and Refunds<\/h2>\t\t\t\t<\/div>\n\t\t\t\t<div class=\"elementor-element elementor-element-23d77f8 elementor-invisible elementor-widget elementor-widget-text-editor\" data-id=\"23d77f8\" data-element_type=\"widget\" data-settings=\"{&quot;_animation&quot;:&quot;fadeIn&quot;,&quot;ekit_we_effect_on&quot;:&quot;none&quot;}\" data-widget_type=\"text-editor.default\">\n\t\t\t\t\t\t\t\t\t<ul><li>No refunds are provided, except in cases of duly verified force majeure (e.g., natural disasters, health emergencies, border closures, or other events that make the tour impossible).<\/li><li>In case of force majeure, Surfaris Chile Pro will evaluate the situation and manage a full or partial refund as appropriate.<\/li><\/ul>\t\t\t\t\t\t\t\t<\/div>\n\t\t\t\t<div class=\"elementor-element elementor-element-d84e4f4 elementor-widget elementor-widget-heading\" data-id=\"d84e4f4\" data-element_type=\"widget\" data-settings=\"{&quot;ekit_we_effect_on&quot;:&quot;none&quot;}\" data-widget_type=\"heading.default\">\n\t\t\t\t\t<h2 class=\"elementor-heading-title elementor-size-default\">3. Rescheduling<\/h2>\t\t\t\t<\/div>\n\t\t\t\t<div class=\"elementor-element elementor-element-3493978 elementor-invisible elementor-widget elementor-widget-text-editor\" data-id=\"3493978\" data-element_type=\"widget\" data-settings=\"{&quot;_animation&quot;:&quot;fadeIn&quot;,&quot;ekit_we_effect_on&quot;:&quot;none&quot;}\" data-widget_type=\"text-editor.default\">\n\t\t\t\t\t\t\t\t\t<ul><li>Each reservation may be rescheduled only once.<\/li><li>The client must request this at least 10 days prior to the original tour date.<\/li><li>Rescheduling is subject to availability in the tour calendar.<\/li><\/ul>\t\t\t\t\t\t\t\t<\/div>\n\t\t\t\t<div class=\"elementor-element elementor-element-ba412be elementor-widget elementor-widget-heading\" data-id=\"ba412be\" data-element_type=\"widget\" data-settings=\"{&quot;ekit_we_effect_on&quot;:&quot;none&quot;}\" data-widget_type=\"heading.default\">\n\t\t\t\t\t<h2 class=\"elementor-heading-title elementor-size-default\">4. Passenger Responsibility<\/h2>\t\t\t\t<\/div>\n\t\t\t\t<div class=\"elementor-element elementor-element-55382e3 elementor-invisible elementor-widget elementor-widget-text-editor\" data-id=\"55382e3\" data-element_type=\"widget\" data-settings=\"{&quot;_animation&quot;:&quot;fadeIn&quot;,&quot;ekit_we_effect_on&quot;:&quot;none&quot;}\" data-widget_type=\"text-editor.default\">\n\t\t\t\t\t\t\t\t\t<ul><li>The client is responsible for maintaining the appropriate physical condition for surfing and for informing of any medical condition or limitation.<\/li><li>The client must comply with the immigration, health, and documentation requirements necessary for entry and stay in Chile.<\/li><\/ul>\t\t\t\t\t\t\t\t<\/div>\n\t\t\t\t<div class=\"elementor-element elementor-element-bd7c998 elementor-widget elementor-widget-heading\" data-id=\"bd7c998\" data-element_type=\"widget\" data-settings=\"{&quot;ekit_we_effect_on&quot;:&quot;none&quot;}\" data-widget_type=\"heading.default\">\n\t\t\t\t\t<h2 class=\"elementor-heading-title elementor-size-default\">5. Surfaris Chile Pro Responsibility<\/h2>\t\t\t\t<\/div>\n\t\t\t\t<div class=\"elementor-element elementor-element-8d7980f elementor-invisible elementor-widget elementor-widget-text-editor\" data-id=\"8d7980f\" data-element_type=\"widget\" data-settings=\"{&quot;_animation&quot;:&quot;fadeIn&quot;,&quot;ekit_we_effect_on&quot;:&quot;none&quot;}\" data-widget_type=\"text-editor.default\">\n\t\t\t\t\t\t\t\t\t<ul><li>We guarantee the provision of services as contracted, prioritizing safety, quality, sustainability, and respect for the natural and cultural environment.<\/li><li>We reserve the right to adjust the itinerary due to weather conditions, safety, or force majeure, always ensuring the participants\u2019 well-being.<\/li><\/ul>\t\t\t\t\t\t\t\t<\/div>\n\t\t\t\t<div class=\"elementor-element elementor-element-ce48315 elementor-widget elementor-widget-heading\" data-id=\"ce48315\" data-element_type=\"widget\" data-settings=\"{&quot;ekit_we_effect_on&quot;:&quot;none&quot;}\" data-widget_type=\"heading.default\">\n\t\t\t\t\t<h2 class=\"elementor-heading-title elementor-size-default\">6. Sustainability and Local Commitment<\/h2>\t\t\t\t<\/div>\n\t\t\t\t<div class=\"elementor-element elementor-element-256aa79 elementor-invisible elementor-widget elementor-widget-text-editor\" data-id=\"256aa79\" data-element_type=\"widget\" data-settings=\"{&quot;_animation&quot;:&quot;fadeIn&quot;,&quot;ekit_we_effect_on&quot;:&quot;none&quot;}\" data-widget_type=\"text-editor.default\">\n\t\t\t\t\t\t\t\t\t<ul><li>Surfaris Chile Pro operates under principles of responsible, low-impact tourism.<\/li><li>We work closely with local communities, producers, and service providers, promoting sustainable development and local surf culture.<\/li><\/ul>\t\t\t\t\t\t\t\t<\/div>\n\t\t\t\t<div class=\"elementor-element elementor-element-b749f49 elementor-widget elementor-widget-heading\" data-id=\"b749f49\" data-element_type=\"widget\" data-settings=\"{&quot;ekit_we_effect_on&quot;:&quot;none&quot;}\" data-widget_type=\"heading.default\">\n\t\t\t\t\t<h2 class=\"elementor-heading-title elementor-size-default\">7. Applicable Law and Dispute Resolution<\/h2>\t\t\t\t<\/div>\n\t\t\t\t<div class=\"elementor-element elementor-element-32dfaea elementor-invisible elementor-widget elementor-widget-text-editor\" data-id=\"32dfaea\" data-element_type=\"widget\" data-settings=\"{&quot;_animation&quot;:&quot;fadeIn&quot;,&quot;ekit_we_effect_on&quot;:&quot;none&quot;}\" data-widget_type=\"text-editor.default\">\n\t\t\t\t\t\t\t\t\t<ul><li>These Terms and Conditions are governed by the laws of the Republic of Chile.<\/li><li>The parties submit to the competent courts of the Biob\u00edo Region, Chile, to resolve any disputes.<\/li><\/ul>\t\t\t\t\t\t\t\t<\/div>\n\t\t\t\t\t<\/div>\n\t\t\t\t<\/div>\n\t\t\t\t<\/div>","protected":false},"excerpt":{"rendered":"<p>T\u00e9rminos y condiciones Surfaris Chile Pro \u00daltima actualizaci\u00f3n: 23 \/09 \/2025 Estos T\u00e9rminos y Condiciones regulan la contrataci\u00f3n de servicios [&hellip;]<\/p>","protected":false},"author":1,"featured_media":0,"parent":0,"menu_order":0,"comment_status":"closed","ping_status":"closed","template":"","meta":{"site-sidebar-layout":"no-sidebar","site-content-layout":"","ast-site-content-layout":"full-width-container","site-content-style":"default","site-sidebar-style":"default","ast-global-header-display":"","ast-banner-title-visibility":"","ast-main-header-display":"","ast-hfb-above-header-display":"","ast-hfb-below-header-display":"","ast-hfb-mobile-header-display":"","site-post-title":"disabled","ast-breadcrumbs-content":"","ast-featured-img":"disabled","footer-sml-layout":"","theme-transparent-header-meta":"","adv-header-id-meta":"","stick-header-meta":"","header-above-stick-meta":"","header-main-stick-meta":"","header-below-stick-meta":"","astra-migrate-meta-layouts":"default","ast-page-background-enabled":"default","ast-page-background-meta":{"desktop":{"background-color":"var(--ast-global-color-5)","background-image":"","background-repeat":"repeat","background-position":"center center","background-size":"auto","background-attachment":"scroll","background-type":"","background-media":"","overlay-type":"","overlay-color":"","overlay-opacity":"","overlay-gradient":""},"tablet":{"background-color":"","background-image":"","background-repeat":"repeat","background-position":"center center","background-size":"auto","background-attachment":"scroll","background-type":"","background-media":"","overlay-type":"","overlay-color":"","overlay-opacity":"","overlay-gradient":""},"mobile":{"background-color":"","background-image":"","background-repeat":"repeat","background-position":"center center","background-size":"auto","background-attachment":"scroll","background-type":"","background-media":"","overlay-type":"","overlay-color":"","overlay-opacity":"","overlay-gradient":""}},"ast-content-background-meta":{"desktop":{"background-color":"var(--ast-global-color-4)","background-image":"","background-repeat":"repeat","background-position":"center center","background-size":"auto","background-attachment":"scroll","background-type":"","background-media":"","overlay-type":"","overlay-color":"","overlay-opacity":"","overlay-gradient":""},"tablet":{"background-color":"var(--ast-global-color-4)","background-image":"","background-repeat":"repeat","background-position":"center center","background-size":"auto","background-attachment":"scroll","background-type":"","background-media":"","overlay-type":"","overlay-color":"","overlay-opacity":"","overlay-gradient":""},"mobile":{"background-color":"var(--ast-global-color-4)","background-image":"","background-repeat":"repeat","background-position":"center center","background-size":"auto","background-attachment":"scroll","background-type":"","background-media":"","overlay-type":"","overlay-color":"","overlay-opacity":"","overlay-gradient":""}},"_joinchat":[],"footnotes":""},"class_list":["post-14","page","type-page","status-publish","hentry"],"yoast_head":"<!-- This site is optimized with the Yoast SEO Premium plugin v26.0 (Yoast SEO v26.0) - https:\/\/yoast.com\/wordpress\/plugins\/seo\/ -->\n<title>T\u00e9rminos y condiciones - SURFARIS CHILE PRO<\/title>\n<meta name=\"robots\" content=\"index, follow, max-snippet:-1, max-image-preview:large, max-video-preview:-1\" \/>\n<link rel=\"canonical\" href=\"https:\/\/surfarischilepro.com\/en\/terminos-y-condiciones\/\" \/>\n<meta property=\"og:locale\" content=\"en_US\" \/>\n<meta property=\"og:type\" content=\"article\" \/>\n<meta property=\"og:title\" content=\"T\u00e9rminos y condiciones\" \/>\n<meta property=\"og:description\" content=\"T\u00e9rminos y condiciones Surfaris Chile Pro \u00daltima actualizaci\u00f3n: 23 \/09 \/2025 Estos T\u00e9rminos y Condiciones regulan la contrataci\u00f3n de servicios [&hellip;]\" \/>\n<meta property=\"og:url\" content=\"https:\/\/surfarischilepro.com\/en\/terminos-y-condiciones\/\" \/>\n<meta property=\"og:site_name\" content=\"SURFARIS CHILE PRO\" \/>\n<meta property=\"article:modified_time\" content=\"2025-10-03T14:07:35+00:00\" \/>\n<meta name=\"twitter:card\" content=\"summary_large_image\" \/>\n<meta name=\"twitter:label1\" content=\"Est. reading time\" \/>\n\t<meta name=\"twitter:data1\" content=\"2 minutes\" \/>\n<script type=\"application\/ld+json\" class=\"yoast-schema-graph\">{\"@context\":\"https:\/\/schema.org\",\"@graph\":[{\"@type\":\"WebPage\",\"@id\":\"https:\/\/surfarischilepro.com\/terminos-y-condiciones\/\",\"url\":\"https:\/\/surfarischilepro.com\/terminos-y-condiciones\/\",\"name\":\"T\u00e9rminos y condiciones - SURFARIS CHILE PRO\",\"isPartOf\":{\"@id\":\"https:\/\/surfarischilepro.com\/#website\"},\"datePublished\":\"2025-09-23T18:20:31+00:00\",\"dateModified\":\"2025-10-03T14:07:35+00:00\",\"breadcrumb\":{\"@id\":\"https:\/\/surfarischilepro.com\/terminos-y-condiciones\/#breadcrumb\"},\"inLanguage\":\"en-US\",\"potentialAction\":[{\"@type\":\"ReadAction\",\"target\":[\"https:\/\/surfarischilepro.com\/terminos-y-condiciones\/\"]}]},{\"@type\":\"BreadcrumbList\",\"@id\":\"https:\/\/surfarischilepro.com\/terminos-y-condiciones\/#breadcrumb\",\"itemListElement\":[{\"@type\":\"ListItem\",\"position\":1,\"name\":\"Portada\",\"item\":\"https:\/\/surfarischilepro.com\/\"},{\"@type\":\"ListItem\",\"position\":2,\"name\":\"T\u00e9rminos y condiciones\"}]},{\"@type\":\"WebSite\",\"@id\":\"https:\/\/surfarischilepro.com\/#website\",\"url\":\"https:\/\/surfarischilepro.com\/\",\"name\":\"SURFARIS CHILE PRO\",\"description\":\"TOURS DE SURF EN CHILE\",\"publisher\":{\"@id\":\"https:\/\/surfarischilepro.com\/#organization\"},\"potentialAction\":[{\"@type\":\"SearchAction\",\"target\":{\"@type\":\"EntryPoint\",\"urlTemplate\":\"https:\/\/surfarischilepro.com\/?s={search_term_string}\"},\"query-input\":{\"@type\":\"PropertyValueSpecification\",\"valueRequired\":true,\"valueName\":\"search_term_string\"}}],\"inLanguage\":\"en-US\"},{\"@type\":\"Organization\",\"@id\":\"https:\/\/surfarischilepro.com\/#organization\",\"name\":\"SURFARIS CHILE PRO\",\"url\":\"https:\/\/surfarischilepro.com\/\",\"logo\":{\"@type\":\"ImageObject\",\"inLanguage\":\"en-US\",\"@id\":\"https:\/\/surfarischilepro.com\/#\/schema\/logo\/image\/\",\"url\":\"https:\/\/surfarischilepro.com\/wp-content\/uploads\/2025\/09\/surfaris_logo.webp\",\"contentUrl\":\"https:\/\/surfarischilepro.com\/wp-content\/uploads\/2025\/09\/surfaris_logo.webp\",\"width\":1024,\"height\":721,\"caption\":\"SURFARIS CHILE PRO\"},\"image\":{\"@id\":\"https:\/\/surfarischilepro.com\/#\/schema\/logo\/image\/\"}}]}<\/script>\n<!-- \/ Yoast SEO Premium plugin. -->","yoast_head_json":{"title":"T\u00e9rminos y condiciones - SURFARIS CHILE PRO","robots":{"index":"index","follow":"follow","max-snippet":"max-snippet:-1","max-image-preview":"max-image-preview:large","max-video-preview":"max-video-preview:-1"},"canonical":"https:\/\/surfarischilepro.com\/en\/terminos-y-condiciones\/","og_locale":"en_US","og_type":"article","og_title":"T\u00e9rminos y condiciones","og_description":"T\u00e9rminos y condiciones Surfaris Chile Pro \u00daltima actualizaci\u00f3n: 23 \/09 \/2025 Estos T\u00e9rminos y Condiciones regulan la contrataci\u00f3n de servicios [&hellip;]","og_url":"https:\/\/surfarischilepro.com\/en\/terminos-y-condiciones\/","og_site_name":"SURFARIS CHILE PRO","article_modified_time":"2025-10-03T14:07:35+00:00","twitter_card":"summary_large_image","twitter_misc":{"Est. reading time":"2 minutes"},"schema":{"@context":"https:\/\/schema.org","@graph":[{"@type":"WebPage","@id":"https:\/\/surfarischilepro.com\/terminos-y-condiciones\/","url":"https:\/\/surfarischilepro.com\/terminos-y-condiciones\/","name":"T\u00e9rminos y condiciones - SURFARIS CHILE PRO","isPartOf":{"@id":"https:\/\/surfarischilepro.com\/#website"},"datePublished":"2025-09-23T18:20:31+00:00","dateModified":"2025-10-03T14:07:35+00:00","breadcrumb":{"@id":"https:\/\/surfarischilepro.com\/terminos-y-condiciones\/#breadcrumb"},"inLanguage":"en-US","potentialAction":[{"@type":"ReadAction","target":["https:\/\/surfarischilepro.com\/terminos-y-condiciones\/"]}]},{"@type":"BreadcrumbList","@id":"https:\/\/surfarischilepro.com\/terminos-y-condiciones\/#breadcrumb","itemListElement":[{"@type":"ListItem","position":1,"name":"Portada","item":"https:\/\/surfarischilepro.com\/"},{"@type":"ListItem","position":2,"name":"T\u00e9rminos y condiciones"}]},{"@type":"WebSite","@id":"https:\/\/surfarischilepro.com\/#website","url":"https:\/\/surfarischilepro.com\/","name":"SURFARIS CHILE PRO","description":"TOURS DE SURF EN CHILE","publisher":{"@id":"https:\/\/surfarischilepro.com\/#organization"},"potentialAction":[{"@type":"SearchAction","target":{"@type":"EntryPoint","urlTemplate":"https:\/\/surfarischilepro.com\/?s={search_term_string}"},"query-input":{"@type":"PropertyValueSpecification","valueRequired":true,"valueName":"search_term_string"}}],"inLanguage":"en-US"},{"@type":"Organization","@id":"https:\/\/surfarischilepro.com\/#organization","name":"SURFARIS CHILE PRO","url":"https:\/\/surfarischilepro.com\/","logo":{"@type":"ImageObject","inLanguage":"en-US","@id":"https:\/\/surfarischilepro.com\/#\/schema\/logo\/image\/","url":"https:\/\/surfarischilepro.com\/wp-content\/uploads\/2025\/09\/surfaris_logo.webp","contentUrl":"https:\/\/surfarischilepro.com\/wp-content\/uploads\/2025\/09\/surfaris_logo.webp","width":1024,"height":721,"caption":"SURFARIS CHILE PRO"},"image":{"@id":"https:\/\/surfarischilepro.com\/#\/schema\/logo\/image\/"}}]}},"_links":{"self":[{"href":"https:\/\/surfarischilepro.com\/en\/wp-json\/wp\/v2\/pages\/14","targetHints":{"allow":["GET"]}}],"collection":[{"href":"https:\/\/surfarischilepro.com\/en\/wp-json\/wp\/v2\/pages"}],"about":[{"href":"https:\/\/surfarischilepro.com\/en\/wp-json\/wp\/v2\/types\/page"}],"author":[{"embeddable":true,"href":"https:\/\/surfarischilepro.com\/en\/wp-json\/wp\/v2\/users\/1"}],"replies":[{"embeddable":true,"href":"https:\/\/surfarischilepro.com\/en\/wp-json\/wp\/v2\/comments?post=14"}],"version-history":[{"count":13,"href":"https:\/\/surfarischilepro.com\/en\/wp-json\/wp\/v2\/pages\/14\/revisions"}],"predecessor-version":[{"id":1346,"href":"https:\/\/surfarischilepro.com\/en\/wp-json\/wp\/v2\/pages\/14\/revisions\/1346"}],"wp:attachment":[{"href":"https:\/\/surfarischilepro.com\/en\/wp-json\/wp\/v2\/media?parent=14"}],"curies":[{"name":"wp","href":"https:\/\/api.w.org\/{rel}","templated":true}]}}